{"id":463,"date":"2023-09-23T07:25:21","date_gmt":"2023-09-23T07:25:21","guid":{"rendered":"https:\/\/kaspa.fabrilogy.com\/?page_id=463"},"modified":"2023-09-23T07:35:15","modified_gmt":"2023-09-23T07:35:15","slug":"imprint","status":"publish","type":"page","link":"https:\/\/kaspa.fabrilogy.com\/?page_id=463","title":{"rendered":"Imprint"},"content":{"rendered":"\t\t<div data-elementor-type=\"wp-page\" data-elementor-id=\"463\" class=\"elementor elementor-463\" data-elementor-post-type=\"page\">\n\t\t\t\t<div class=\"elementor-element elementor-element-ca89eb6 e-flex e-con-boxed e-con e-parent\" data-id=\"ca89eb6\" data-element_type=\"container\" data-e-type=\"container\">\n\t\t\t\t\t<div class=\"e-con-inner\">\n\t\t\t\t<div class=\"elementor-element elementor-element-683ac29 elementor-widget__width-initial elementor-widget elementor-widget-text-editor\" data-id=\"683ac29\" data-element_type=\"widget\" data-e-type=\"widget\" data-widget_type=\"text-editor.default\">\n\t\t\t\t<div class=\"elementor-widget-container\">\n\t\t\t\t\t\t\t\t\t<h1 class=\"breaking-headline\" style=\"-webkit-font-smoothing: antialiased; text-rendering: optimizelegibility; font-size: 24px; margin: 0px 0px 25px; font-family: pt_sans_narrowbold, Helvetica, Arial, sans-serif; line-height: 1.1; color: #3addbe; padding: 19px 15px 13px; background-image: repeating-linear-gradient(45deg, #f4f4f4, #f4f4f4 2px, #ffffff 4px, #ffffff 6px); background-position: initial; background-size: initial; background-repeat: initial; background-attachment: initial; background-origin: initial; background-clip: initial; border-left: 4px solid #3addbe; text-transform: uppercase; outline: none 0px !important;\">IMPRINT<\/h1>\n<div class=\"textstyles\" style=\"-webkit-font-smoothing: antialiased; text-rendering: optimizelegibility; hyphens: auto; overflow-wrap: break-word; color: #333333; font-family: pt_sans_narrowregular, Helvetica, Arial, sans-serif; outline: none 0px !important;\">\n<div style=\"-webkit-font-smoothing: antialiased; text-rendering: optimizelegibility; outline: none 0px !important;\">fabrilogy GmbH &amp; Co. KG<br style=\"-webkit-font-smoothing: antialiased; text-rendering: optimizelegibility; outline: none 0px !important;\">Arnold-Sommerfeld-Ring 40a<br style=\"-webkit-font-smoothing: antialiased; text-rendering: optimizelegibility; outline: none 0px !important;\">52499 Baesweiler<br style=\"-webkit-font-smoothing: antialiased; text-rendering: optimizelegibility; outline: none 0px !important;\">Deutschland<br style=\"-webkit-font-smoothing: antialiased; text-rendering: optimizelegibility; outline: none 0px !important;\"><br style=\"-webkit-font-smoothing: antialiased; text-rendering: optimizelegibility; outline: none 0px !important;\">Tel.: +49 (0)2401 80 49 49 1<br style=\"-webkit-font-smoothing: antialiased; text-rendering: optimizelegibility; outline: none 0px !important;\">Fax: +49 (0)2401 80 49 49 3<br style=\"-webkit-font-smoothing: antialiased; text-rendering: optimizelegibility; outline: none 0px !important;\">E-Mail: info@fabrilogy.com<br style=\"-webkit-font-smoothing: antialiased; text-rendering: optimizelegibility; outline: none 0px !important;\"><br style=\"-webkit-font-smoothing: antialiased; text-rendering: optimizelegibility; outline: none 0px !important;\">Registergericht: Aachen<br style=\"-webkit-font-smoothing: antialiased; text-rendering: optimizelegibility; outline: none 0px !important;\">Registernummer: HRA8912<br style=\"-webkit-font-smoothing: antialiased; text-rendering: optimizelegibility; outline: none 0px !important;\"><br style=\"-webkit-font-smoothing: antialiased; text-rendering: optimizelegibility; outline: none 0px !important;\">Vertretungsberechtigte Gesellschafterin (Komplement\u00e4r): fabrilogy Verwaltungs GmbH, Registergericht: Aachen, HRB20846. Diese wiederum wird vertreten durch den Gesch\u00e4ftsf\u00fchrer: Ufuk Caniklioglu<br style=\"-webkit-font-smoothing: antialiased; text-rendering: optimizelegibility; outline: none 0px !important;\"><br style=\"-webkit-font-smoothing: antialiased; text-rendering: optimizelegibility; outline: none 0px !important;\">Umsatzsteuer-Identifikationsnummer: DE309782072<br style=\"-webkit-font-smoothing: antialiased; text-rendering: optimizelegibility; outline: none 0px !important;\"><br style=\"-webkit-font-smoothing: antialiased; text-rendering: optimizelegibility; outline: none 0px !important;\">Plattform der EU-Kommission zur Online-Streitbeilegung:&nbsp;<a style=\"-webkit-font-smoothing: antialiased; text-rendering: optimizelegibility; color: #3addbe; outline: none 0px !important;\" href=\"https:\/\/ec.europa.eu\/odr\" target=\"_blank\" rel=\"noopener\">https:\/\/ec.europa.eu\/odr<\/a><br style=\"-webkit-font-smoothing: antialiased; text-rendering: optimizelegibility; outline: none 0px !important;\"><br style=\"-webkit-font-smoothing: antialiased; text-rendering: optimizelegibility; outline: none 0px !important;\">Wir sind zur Teilnahme an einem Streitbeilegungsverfahren vor einer Verbraucherschlichtungsstelle weder verpflichtet noch bereit.<\/div>\n<\/div>\t\t\t\t\t\t\t\t<\/div>\n\t\t\t\t<\/div>\n\t\t\t\t\t<\/div>\n\t\t\t\t<\/div>\n\t\t\t\t<\/div>\n\t\t","protected":false},"excerpt":{"rendered":"<p>IMPRINT fabrilogy GmbH &amp; Co. KGArnold-Sommerfeld-Ring 40a52499 BaesweilerDeutschlandTel.: +49 (0)2401 80 49 49 1Fax: +49 (0)2401 80 49 49 3E-Mail: info@fabrilogy.comRegistergericht: AachenRegisternummer: HRA8912Vertretungsberechtigte Gesellschafterin (Komplement\u00e4r): fabrilogy Verwaltungs GmbH, Registergericht: Aachen, HRB20846. Diese wiederum wird vertreten durch den Gesch\u00e4ftsf\u00fchrer: Ufuk CanikliogluUmsatzsteuer-Identifikationsnummer: DE309782072Plattform der EU-Kommission zur Online-Streitbeilegung:&nbsp;https:\/\/ec.europa.eu\/odrWir sind zur Teilnahme an einem Streitbeilegungsverfahren vor einer Verbraucherschlichtungsstelle weder [&hellip;]<\/p>\n","protected":false},"author":1,"featured_media":0,"parent":0,"menu_order":0,"comment_status":"closed","ping_status":"closed","template":"","meta":{"footnotes":""},"class_list":["post-463","page","type-page","status-publish","hentry"],"jetpack_sharing_enabled":true,"_links":{"self":[{"href":"https:\/\/kaspa.fabrilogy.com\/index.php?rest_route=\/wp\/v2\/pages\/463","targetHints":{"allow":["GET"]}}],"collection":[{"href":"https:\/\/kaspa.fabrilogy.com\/index.php?rest_route=\/wp\/v2\/pages"}],"about":[{"href":"https:\/\/kaspa.fabrilogy.com\/index.php?rest_route=\/wp\/v2\/types\/page"}],"author":[{"embeddable":true,"href":"https:\/\/kaspa.fabrilogy.com\/index.php?rest_route=\/wp\/v2\/users\/1"}],"replies":[{"embeddable":true,"href":"https:\/\/kaspa.fabrilogy.com\/index.php?rest_route=%2Fwp%2Fv2%2Fcomments&post=463"}],"version-history":[{"count":46,"href":"https:\/\/kaspa.fabrilogy.com\/index.php?rest_route=\/wp\/v2\/pages\/463\/revisions"}],"predecessor-version":[{"id":512,"href":"https:\/\/kaspa.fabrilogy.com\/index.php?rest_route=\/wp\/v2\/pages\/463\/revisions\/512"}],"wp:attachment":[{"href":"https:\/\/kaspa.fabrilogy.com\/index.php?rest_route=%2Fwp%2Fv2%2Fmedia&parent=463"}],"curies":[{"name":"wp","href":"https:\/\/api.w.org\/{rel}","templated":true}]}}