{"id":533,"date":"2023-09-23T07:43:43","date_gmt":"2023-09-23T07:43:43","guid":{"rendered":"https:\/\/kaspa.fabrilogy.com\/?page_id=533"},"modified":"2023-09-23T07:46:43","modified_gmt":"2023-09-23T07:46:43","slug":"right-of-rescission","status":"publish","type":"page","link":"https:\/\/kaspa.fabrilogy.com\/?page_id=533","title":{"rendered":"Right of rescission"},"content":{"rendered":"\t\t<div data-elementor-type=\"wp-page\" data-elementor-id=\"533\" class=\"elementor elementor-533\" data-elementor-post-type=\"page\">\n\t\t\t\t<div class=\"elementor-element elementor-element-ae1ec18 e-flex e-con-boxed e-con e-parent\" data-id=\"ae1ec18\" data-element_type=\"container\" data-e-type=\"container\">\n\t\t\t\t\t<div class=\"e-con-inner\">\n\t\t\t\t<div class=\"elementor-element elementor-element-4911225 elementor-widget__width-initial elementor-widget elementor-widget-text-editor\" data-id=\"4911225\" data-element_type=\"widget\" data-e-type=\"widget\" data-widget_type=\"text-editor.default\">\n\t\t\t\t<div class=\"elementor-widget-container\">\n\t\t\t\t\t\t\t\t\t<h1 class=\"breaking-headline\" style=\"-webkit-font-smoothing: antialiased; text-rendering: optimizelegibility; font-size: 24px; margin: 0px 0px 25px; font-family: pt_sans_narrowbold, Helvetica, Arial, sans-serif; line-height: 1.1; color: #3addbe; padding: 19px 15px 13px; background-image: repeating-linear-gradient(45deg, #f4f4f4, #f4f4f4 2px, #ffffff 4px, #ffffff 6px); background-position: initial; background-size: initial; background-repeat: initial; background-attachment: initial; background-origin: initial; background-clip: initial; border-left: 4px solid #3addbe; text-transform: uppercase; outline: none 0px !important;\">RIGHT OF RESCISSION<\/h1>\n<div class=\"textstyles\" style=\"-webkit-font-smoothing: antialiased; text-rendering: optimizelegibility; hyphens: auto; overflow-wrap: break-word; color: #333333; font-family: pt_sans_narrowregular, Helvetica, Arial, sans-serif; outline: none 0px !important;\">\n<div style=\"-webkit-font-smoothing: antialiased; text-rendering: optimizelegibility; outline: none 0px !important;\">\n<h2 style=\"-webkit-font-smoothing: antialiased; text-rendering: optimizelegibility; font-family: pt_sans_narrowbold, Helvetica, Arial, sans-serif; line-height: 1.1; margin-top: 26px; margin-bottom: 13px; font-size: 28px; outline: none 0px !important;\">A. Widerrufsbelehrung<\/h2>\n<h3 style=\"-webkit-font-smoothing: antialiased; text-rendering: optimizelegibility; font-family: pt_sans_narrowbold, Helvetica, Arial, sans-serif; line-height: 1.1; margin-top: 19px; margin-bottom: 19px; font-size: 19px; outline: none 0px !important;\">Einleitung<\/h3>\n<p style=\"-webkit-font-smoothing: antialiased; text-rendering: optimizelegibility; margin: 0px 0px 13px; outline: none 0px !important;\">Verbrauchern steht ein Widerrufsrecht nach folgender Ma\u00dfgabe zu, wobei Verbraucher jede nat\u00fcrliche Person ist, die ein Rechtsgesch\u00e4ft zu Zwecken abschlie\u00dft, die \u00fcberwiegend weder ihrer gewerblichen noch ihrer selbst\u00e4ndigen beruflichen T\u00e4tigkeit zugerechnet werden k\u00f6nnen:<\/p>\n<h3 style=\"-webkit-font-smoothing: antialiased; text-rendering: optimizelegibility; font-family: pt_sans_narrowbold, Helvetica, Arial, sans-serif; line-height: 1.1; margin-top: 19px; margin-bottom: 19px; font-size: 19px; outline: none 0px !important;\">Widerrufsrecht<\/h3>\n<p style=\"-webkit-font-smoothing: antialiased; text-rendering: optimizelegibility; margin: 0px 0px 13px; outline: none 0px !important;\">Sie haben das Recht, binnen vierzehn Tagen ohne Angabe von Gr\u00fcnden diesen Vertrag zu widerrufen.<\/p>\n<p style=\"-webkit-font-smoothing: antialiased; text-rendering: optimizelegibility; margin: 0px 0px 13px; outline: none 0px !important;\">Die Widerrufsfrist betr\u00e4gt vierzehn Tage ab dem Tag, an dem Sie oder ein von Ihnen benannter Dritter, der nicht der Bef\u00f6rderer ist, die letzte Ware in Besitz genommen haben bzw. hat.<\/p>\n<p style=\"-webkit-font-smoothing: antialiased; text-rendering: optimizelegibility; margin: 0px 0px 13px; outline: none 0px !important;\">Um Ihr Widerrufsrecht auszu\u00fcben, m\u00fcssen Sie uns (fabrilogy GmbH &amp; Co. KG , Arnold-Sommerfeld-Ring 40a, 52499 Baesweiler, Deutschland) mittels einer eindeutigen Erkl\u00e4rung (z. B. ein mit der Post versandter Brief, Telefax oder E-Mail) \u00fcber Ihren Entschluss, diesen Vertrag zu widerrufen, informieren. Sie k\u00f6nnen daf\u00fcr das beigef\u00fcgte Muster-Widerrufsformular verwenden, das jedoch nicht vorgeschrieben ist.<\/p>\n<p style=\"-webkit-font-smoothing: antialiased; text-rendering: optimizelegibility; margin: 0px 0px 13px; outline: none 0px !important;\">Zur Wahrung der Widerrufsfrist reicht es aus, dass Sie die Mitteilung \u00fcber die Aus\u00fcbung des Widerrufsrechts vor Ablauf der Widerrufsfrist absenden.<\/p>\n<h3 style=\"-webkit-font-smoothing: antialiased; text-rendering: optimizelegibility; font-family: pt_sans_narrowbold, Helvetica, Arial, sans-serif; line-height: 1.1; margin-top: 19px; margin-bottom: 19px; font-size: 19px; outline: none 0px !important;\">Folgen des Widerrufs<\/h3>\n<p style=\"-webkit-font-smoothing: antialiased; text-rendering: optimizelegibility; margin: 0px 0px 13px; outline: none 0px !important;\">Wenn Sie diesen Vertrag widerrufen, haben wir Ihnen alle Zahlungen, die wir von Ihnen erhalten haben, einschlie\u00dflich der Lieferkosten (mit Ausnahme der zus\u00e4tzlichen Kosten, die sich daraus ergeben, dass Sie eine andere Art der Lieferung als die von uns angebotene, g\u00fcnstigste Standardlieferung gew\u00e4hlt haben), unverz\u00fcglich und sp\u00e4testens binnen vierzehn Tagen ab dem Tag zur\u00fcckzuzahlen, an dem die Mitteilung \u00fcber Ihren Widerruf dieses Vertrags bei uns eingegangen ist. F\u00fcr diese R\u00fcckzahlung verwenden wir dasselbe Zahlungsmittel, das Sie bei der urspr\u00fcnglichen Transaktion eingesetzt haben, es sei denn, mit Ihnen wurde ausdr\u00fccklich etwas anderes vereinbart; in keinem Fall werden Ihnen wegen dieser R\u00fcckzahlung Entgelte berechnet. Wir k\u00f6nnen die R\u00fcckzahlung verweigern, bis wir die Waren wieder zur\u00fcckerhalten haben oder bis Sie den Nachweis erbracht haben, dass Sie die Waren zur\u00fcckgesandt haben, je nachdem, welches der fr\u00fchere Zeitpunkt ist.<\/p>\n<p style=\"-webkit-font-smoothing: antialiased; text-rendering: optimizelegibility; margin: 0px 0px 13px; outline: none 0px !important;\">Sie haben die Waren unverz\u00fcglich und in jedem Fall sp\u00e4testens binnen vierzehn Tagen ab dem Tag, an dem Sie uns \u00fcber den Widerruf dieses Vertrags unterrichten, an uns zur\u00fcckzusenden oder zu \u00fcbergeben. Die Frist ist gewahrt, wenn Sie die Waren vor Ablauf der Frist von vierzehn Tagen absenden.<\/p>\n<p style=\"-webkit-font-smoothing: antialiased; text-rendering: optimizelegibility; margin: 0px 0px 13px; outline: none 0px !important;\">Sie tragen die unmittelbaren Kosten der R\u00fccksendung der Waren.<\/p>\n<p style=\"-webkit-font-smoothing: antialiased; text-rendering: optimizelegibility; margin: 0px 0px 13px; outline: none 0px !important;\">Sie m\u00fcssen f\u00fcr einen etwaigen Wertverlust der Waren nur aufkommen, wenn dieser Wertverlust auf einen zur Pr\u00fcfung der Beschaffenheit, Eigenschaften und Funktionsweise der Waren nicht notwendigen Umgang mit ihnen zur\u00fcckzuf\u00fchren ist.<\/p>\n<h3 style=\"-webkit-font-smoothing: antialiased; text-rendering: optimizelegibility; font-family: pt_sans_narrowbold, Helvetica, Arial, sans-serif; line-height: 1.1; margin-top: 19px; margin-bottom: 19px; font-size: 19px; outline: none 0px !important;\">Ausschluss bzw. vorzeitiges Erl\u00f6schen des Widerrufsrechts<\/h3>\n<p style=\"-webkit-font-smoothing: antialiased; text-rendering: optimizelegibility; margin: 0px 0px 13px; outline: none 0px !important;\">Das Widerrufsrecht besteht nicht bei Vertr\u00e4gen zur Lieferung von Waren, die nicht vorgefertigt sind und f\u00fcr deren Herstellung eine individuelle Auswahl oder Bestimmung durch den Verbraucher ma\u00dfgeblich ist oder die eindeutig auf die pers\u00f6nlichen Bed\u00fcrfnisse des Verbrauchers zugeschnitten sind.<\/p>\n<p style=\"-webkit-font-smoothing: antialiased; text-rendering: optimizelegibility; margin: 0px 0px 13px; outline: none 0px !important;\">Das Widerrufsrecht gilt nicht f\u00fcr Verbraucher, die zum Zeitpunkt des Vertragsschlusses keinem Mitgliedstaat der Europ\u00e4ischen Union angeh\u00f6ren und deren alleiniger Wohnsitz und Lieferadresse zum Zeitpunkt des Vertragsschlusses au\u00dferhalb der Europ\u00e4ischen Union liegen.<\/p>\n<h3 style=\"-webkit-font-smoothing: antialiased; text-rendering: optimizelegibility; font-family: pt_sans_narrowbold, Helvetica, Arial, sans-serif; line-height: 1.1; margin-top: 19px; margin-bottom: 19px; font-size: 19px; outline: none 0px !important;\">Allgemeine Hinweise<\/h3>\n<p style=\"-webkit-font-smoothing: antialiased; text-rendering: optimizelegibility; margin: 0px 0px 13px; outline: none 0px !important;\">1) Bitte vermeiden Sie Besch\u00e4digungen und Verunreinigungen der Ware. Senden Sie die Ware bitte in Originalverpackung mit s\u00e4mtlichem Zubeh\u00f6r und mit allen Verpackungsbestandteilen an uns zur\u00fcck. Verwenden Sie ggf. eine sch\u00fctzende Umverpackung. Wenn Sie die Originalverpackung nicht mehr besitzen, sorgen Sie bitte mit einer geeigneten Verpackung f\u00fcr einen ausreichenden Schutz vor Transportsch\u00e4den.<br style=\"-webkit-font-smoothing: antialiased; text-rendering: optimizelegibility; outline: none 0px !important;\">2) Senden Sie die Ware bitte nicht unfrei an uns zur\u00fcck.<br style=\"-webkit-font-smoothing: antialiased; text-rendering: optimizelegibility; outline: none 0px !important;\">3) Bitte beachten Sie, dass die vorgenannten Ziffern 1-2 nicht Voraussetzung f\u00fcr die wirksame Aus\u00fcbung des Widerrufsrechts sind.<\/p>\n<h2 style=\"-webkit-font-smoothing: antialiased; text-rendering: optimizelegibility; font-family: pt_sans_narrowbold, Helvetica, Arial, sans-serif; line-height: 1.1; margin-top: 26px; margin-bottom: 13px; font-size: 28px; outline: none 0px !important;\">B. Widerrufsformular<\/h2>\n<p style=\"-webkit-font-smoothing: antialiased; text-rendering: optimizelegibility; margin: 0px 0px 13px; outline: none 0px !important;\">Wenn Sie den Vertrag widerrufen wollen, dann f\u00fcllen Sie bitte dieses Formular aus und senden es zur\u00fcck.<\/p>\n<p style=\"-webkit-font-smoothing: antialiased; text-rendering: optimizelegibility; margin: 0px 0px 13px; outline: none 0px !important;\">An<\/p>\n<p style=\"-webkit-font-smoothing: antialiased; text-rendering: optimizelegibility; margin: 0px 0px 13px; outline: none 0px !important;\">fabrilogy GmbH &amp; Co. KG<br style=\"-webkit-font-smoothing: antialiased; text-rendering: optimizelegibility; outline: none 0px !important;\">Arnold-Sommerfeld-Ring 40a<br style=\"-webkit-font-smoothing: antialiased; text-rendering: optimizelegibility; outline: none 0px !important;\">52499 Baesweiler<br style=\"-webkit-font-smoothing: antialiased; text-rendering: optimizelegibility; outline: none 0px !important;\">Deutschland<\/p>\n<p style=\"-webkit-font-smoothing: antialiased; text-rendering: optimizelegibility; margin: 0px 0px 13px; outline: none 0px !important;\">Tel.: +49 (0)2401 80 49 49 1<br style=\"-webkit-font-smoothing: antialiased; text-rendering: optimizelegibility; outline: none 0px !important;\">Fax: +49 (0)2401 80 49 49 3<br style=\"-webkit-font-smoothing: antialiased; text-rendering: optimizelegibility; outline: none 0px !important;\">E-Mail: info@fabrilogy.com<\/p>\n<p style=\"-webkit-font-smoothing: antialiased; text-rendering: optimizelegibility; margin: 0px 0px 13px; outline: none 0px !important;\">Hiermit widerrufe(n) ich\/wir (*) den von mir\/uns (*) abgeschlossenen Vertrag \u00fcber den Kauf der folgenden Waren (*)\/die Erbringung der folgenden Dienstleistung (*)<\/p>\n<p style=\"-webkit-font-smoothing: antialiased; text-rendering: optimizelegibility; margin: 0px 0px 13px; outline: none 0px !important;\">_______________________________________________________<\/p>\n<p style=\"-webkit-font-smoothing: antialiased; text-rendering: optimizelegibility; margin: 0px 0px 13px; outline: none 0px !important;\">_______________________________________________________<\/p>\n<p style=\"-webkit-font-smoothing: antialiased; text-rendering: optimizelegibility; margin: 0px 0px 13px; outline: none 0px !important;\">Bestellt am (*) ____________ \/ erhalten am (*) __________________<\/p>\n<p style=\"-webkit-font-smoothing: antialiased; text-rendering: optimizelegibility; margin: 0px 0px 13px; outline: none 0px !important;\">________________________________________________________<br style=\"-webkit-font-smoothing: antialiased; text-rendering: optimizelegibility; outline: none 0px !important;\">Name des\/der Verbraucher(s)<\/p>\n<p style=\"-webkit-font-smoothing: antialiased; text-rendering: optimizelegibility; margin: 0px 0px 13px; outline: none 0px !important;\">________________________________________________________<br style=\"-webkit-font-smoothing: antialiased; text-rendering: optimizelegibility; outline: none 0px !important;\">Anschrift des\/der Verbraucher(s)<\/p>\n<p style=\"-webkit-font-smoothing: antialiased; text-rendering: optimizelegibility; margin: 0px 0px 13px; outline: none 0px !important;\">________________________________________________________<br style=\"-webkit-font-smoothing: antialiased; text-rendering: optimizelegibility; outline: none 0px !important;\">Unterschrift des\/der Verbraucher(s) (nur bei Mitteilung auf Papier)<\/p>\n<p style=\"-webkit-font-smoothing: antialiased; text-rendering: optimizelegibility; margin: 0px 0px 13px; outline: none 0px !important;\">_________________________<br style=\"-webkit-font-smoothing: antialiased; text-rendering: optimizelegibility; outline: none 0px !important;\">Datum<\/p>\n<p style=\"-webkit-font-smoothing: antialiased; text-rendering: optimizelegibility; margin: 0px 0px 13px; outline: none 0px !important;\">(*) Unzutreffendes streichen<\/p>\n<\/div>\n<\/div>\t\t\t\t\t\t\t\t<\/div>\n\t\t\t\t<\/div>\n\t\t\t\t\t<\/div>\n\t\t\t\t<\/div>\n\t\t\t\t<\/div>\n\t\t","protected":false},"excerpt":{"rendered":"<p>RIGHT OF RESCISSION A. Widerrufsbelehrung Einleitung Verbrauchern steht ein Widerrufsrecht nach folgender Ma\u00dfgabe zu, wobei Verbraucher jede nat\u00fcrliche Person ist, die ein Rechtsgesch\u00e4ft zu Zwecken abschlie\u00dft, die \u00fcberwiegend weder ihrer gewerblichen noch ihrer selbst\u00e4ndigen beruflichen T\u00e4tigkeit zugerechnet werden k\u00f6nnen: Widerrufsrecht Sie haben das Recht, binnen vierzehn Tagen ohne Angabe von Gr\u00fcnden diesen Vertrag zu widerrufen. [&hellip;]<\/p>\n","protected":false},"author":1,"featured_media":0,"parent":0,"menu_order":0,"comment_status":"closed","ping_status":"closed","template":"","meta":{"footnotes":""},"class_list":["post-533","page","type-page","status-publish","hentry"],"jetpack_sharing_enabled":true,"_links":{"self":[{"href":"https:\/\/kaspa.fabrilogy.com\/index.php?rest_route=\/wp\/v2\/pages\/533","targetHints":{"allow":["GET"]}}],"collection":[{"href":"https:\/\/kaspa.fabrilogy.com\/index.php?rest_route=\/wp\/v2\/pages"}],"about":[{"href":"https:\/\/kaspa.fabrilogy.com\/index.php?rest_route=\/wp\/v2\/types\/page"}],"author":[{"embeddable":true,"href":"https:\/\/kaspa.fabrilogy.com\/index.php?rest_route=\/wp\/v2\/users\/1"}],"replies":[{"embeddable":true,"href":"https:\/\/kaspa.fabrilogy.com\/index.php?rest_route=%2Fwp%2Fv2%2Fcomments&post=533"}],"version-history":[{"count":7,"href":"https:\/\/kaspa.fabrilogy.com\/index.php?rest_route=\/wp\/v2\/pages\/533\/revisions"}],"predecessor-version":[{"id":542,"href":"https:\/\/kaspa.fabrilogy.com\/index.php?rest_route=\/wp\/v2\/pages\/533\/revisions\/542"}],"wp:attachment":[{"href":"https:\/\/kaspa.fabrilogy.com\/index.php?rest_route=%2Fwp%2Fv2%2Fmedia&parent=533"}],"curies":[{"name":"wp","href":"https:\/\/api.w.org\/{rel}","templated":true}]}}